{"id":172,"date":"2024-05-23T11:35:16","date_gmt":"2024-05-23T09:35:16","guid":{"rendered":"https:\/\/www.wundervolleben.at\/?page_id=172"},"modified":"2025-01-20T09:04:18","modified_gmt":"2025-01-20T08:04:18","slug":"aktivitaeten","status":"publish","type":"page","link":"https:\/\/www.wundervolleben.at\/en\/aktivitaeten\/","title":{"rendered":"Activities"},"content":{"rendered":"<h1 class=\"wp-block-heading has-text-align-center\">Activities<\/h1>\n\n\n\n<h2 class=\"wp-block-heading has-text-align-center\">So much to see and experience!<\/h2>\n\n\n\n<div class=\"wp-block-group content has-global-padding is-layout-constrained wp-block-group-is-layout-constrained\">\n<p class=\"has-text-align-center\">The <strong>Opportunities for experiences in nature, for art &amp; culture and regional<\/strong><br> <strong>enjoyment<\/strong> are diverse and numerous around our chalets &amp; places full of wonders.<\/p>\n\n\n\n<p class=\"has-text-align-center translation-block\">The digital holiday companion takes you <strong>directly to all excursion and leisure tips<\/strong> in the respective surroundings of our chalets and you have everything at a glance:<\/p>\n\n\n\n<ul class=\"wp-block-list centered\">\n<li>Sightseeing features<\/li>\n\n\n\n<li>Sports and leisure activities<\/li>\n\n\n\n<li>Cycling and hiking tours<\/li>\n\n\n\n<li>Events during your stay<\/li>\n\n\n\n<li>and much more\u2026.<\/li>\n<\/ul>\n\n\n\n<p class=\"has-text-align-center\">No download required, directly to your smartphone!<br>In addition, there are explorer and <strong>hiking maps<\/strong>, as well as <strong>route maps<\/strong> for<br><strong>cycling &amp; mountain biking and other brochures<\/strong> available in the chalets.<\/p>\n<\/div>\n\n\n\n<div class=\"wp-block-group alignfull activities has-global-padding is-layout-constrained wp-block-group-is-layout-constrained\">\n<section class=\"wp-block-group alignfull inner-wrapper is-layout-flow wp-block-group-is-layout-flow\">\n<div class=\"wp-block-group chalet is-layout-flow wp-block-group-is-layout-flow\">\n<figure class=\"wp-block-image size-teaser\"><img loading=\"lazy\" decoding=\"async\" width=\"1000\" height=\"790\" src=\"https:\/\/www.wundervolleben.at\/wp-content\/uploads\/2024\/05\/chalet-feinis-1000x790.jpg\" alt=\"\" class=\"wp-image-247\"\/><\/figure>\n\n\n\n<div class=\"wp-block-group content is-layout-flow wp-block-group-is-layout-flow\">\n<h3 class=\"wp-block-heading\">Around<br>Chalet \u201cFeinis\u201d<\/h3>\n\n\n\n<div class=\"wp-block-buttons is-layout-flex wp-block-buttons-is-layout-flex\">\n<div class=\"wp-block-button\"><a class=\"wp-block-button__link wp-element-button\" href=\"https:\/\/tipps.wienerwald.info\/chalet-feinis\" target=\"_blank\" rel=\"noreferrer noopener nofollow\">Holiday companion<\/a><\/div>\n<\/div>\n<\/div>\n<\/div>\n\n\n\n<div class=\"wp-block-group chalet is-layout-flow wp-block-group-is-layout-flow\">\n<figure class=\"wp-block-image size-teaser\"><img loading=\"lazy\" decoding=\"async\" width=\"1000\" height=\"790\" src=\"https:\/\/www.wundervolleben.at\/wp-content\/uploads\/2024\/05\/chalet-notschkerl-1000x790.jpg\" alt=\"\" class=\"wp-image-249\"\/><\/figure>\n\n\n\n<div class=\"wp-block-group content is-layout-flow wp-block-group-is-layout-flow\">\n<h3 class=\"wp-block-heading\">Around<br>Chalet \u201cNotschkerl\u201d<\/h3>\n\n\n\n<div class=\"wp-block-buttons is-layout-flex wp-block-buttons-is-layout-flex\">\n<div class=\"wp-block-button\"><a class=\"wp-block-button__link wp-element-button\" href=\"https:\/\/tipps.wienerwald.info\/chalet-notschkerl\" target=\"_blank\" rel=\"noreferrer noopener nofollow\">Holiday companion<\/a><\/div>\n<\/div>\n<\/div>\n<\/div>\n\n\n\n<div class=\"wp-block-group chalet is-layout-flow wp-block-group-is-layout-flow\">\n<figure class=\"wp-block-image size-teaser\"><img loading=\"lazy\" decoding=\"async\" width=\"1000\" height=\"790\" src=\"https:\/\/www.wundervolleben.at\/wp-content\/uploads\/2024\/05\/k1600dsc2707-1000x790.jpg\" alt=\"\" class=\"wp-image-99\"\/><\/figure>\n\n\n\n<div class=\"wp-block-group content is-layout-flow wp-block-group-is-layout-flow\">\n<h3 class=\"wp-block-heading\">Around the Chalet<br>Pasture house \u201cde luxe\u201d<\/h3>\n\n\n\n<div class=\"wp-block-buttons is-layout-flex wp-block-buttons-is-layout-flex\">\n<div class=\"wp-block-button\"><a class=\"wp-block-button__link wp-element-button\" href=\"https:\/\/tipps.wienerwald.info\/weidehaus-de-luxe\" target=\"_blank\" rel=\"noreferrer noopener nofollow\">Holiday companion<\/a><\/div>\n<\/div>\n<\/div>\n<\/div>\n\n\n\n<div class=\"wp-block-group chalet is-layout-flow wp-block-group-is-layout-flow\">\n<figure class=\"wp-block-image size-teaser\"><img loading=\"lazy\" decoding=\"async\" width=\"1000\" height=\"790\" src=\"https:\/\/www.wundervolleben.at\/wp-content\/uploads\/2024\/05\/k1600sternenzauberxt3x3146xtransformer-hdrbearb-1000x790.jpg\" alt=\"\" class=\"wp-image-100\"\/><\/figure>\n\n\n\n<div class=\"wp-block-group content is-layout-flow wp-block-group-is-layout-flow\">\n<h3 class=\"wp-block-heading\">Around the Chalet &quot;Sternenzauber&quot;<\/h3>\n\n\n\n<div class=\"wp-block-buttons is-layout-flex wp-block-buttons-is-layout-flex\">\n<div class=\"wp-block-button\"><a class=\"wp-block-button__link wp-element-button\" href=\"https:\/\/tipps.wienerwald.info\/chalet-sternenzauber\/#\/\" target=\"_blank\" rel=\"noreferrer noopener nofollow\">Holiday companion<\/a><\/div>\n<\/div>\n<\/div>\n<\/div>\n<\/section>\n<\/div>","protected":false},"excerpt":{"rendered":"<p>Activities So much to see and experience! Opportunities for nature experiences, art &amp; culture, and [\u2026]<\/p>","protected":false},"author":1,"featured_media":0,"parent":0,"menu_order":6,"comment_status":"closed","ping_status":"closed","template":"","meta":{"_acf_changed":false,"footnotes":""},"class_list":["post-172","page","type-page","status-publish","hentry"],"acf":[],"yoast_head":"<!-- This site is optimized with the Yoast SEO plugin v24.7 - https:\/\/yoast.com\/wordpress\/plugins\/seo\/ -->\n<title>Aktivit\u00e4ten - WundervollEben<\/title>\n<meta name=\"robots\" content=\"index, follow, max-snippet:-1, max-image-preview:large, max-video-preview:-1\" \/>\n<link rel=\"canonical\" href=\"https:\/\/www.wundervolleben.at\/en\/aktivitaeten\/\" \/>\n<meta property=\"og:locale\" content=\"en_GB\" \/>\n<meta property=\"og:type\" content=\"article\" \/>\n<meta property=\"og:title\" content=\"Aktivit\u00e4ten - WundervollEben\" \/>\n<meta property=\"og:description\" content=\"Aktivit\u00e4ten So viel zu sehen und zu erleben! Die M\u00f6glichkeiten f\u00fcr Erlebnisse in der Natur, f\u00fcr Kunst &amp; Kultur und [&hellip;]\" \/>\n<meta property=\"og:url\" content=\"https:\/\/www.wundervolleben.at\/en\/aktivitaeten\/\" \/>\n<meta property=\"og:site_name\" content=\"WundervollEben\" \/>\n<meta property=\"article:modified_time\" content=\"2025-01-20T08:04:18+00:00\" \/>\n<meta property=\"og:image\" content=\"https:\/\/www.wundervolleben.at\/wp-content\/uploads\/2024\/05\/chalet-feinis-1000x790.jpg\" \/>\n<meta name=\"twitter:card\" content=\"summary_large_image\" \/>\n<meta name=\"twitter:label1\" content=\"Estimated reading time\" \/>\n\t<meta name=\"twitter:data1\" content=\"2 minutes\" \/>\n<script type=\"application\/ld+json\" class=\"yoast-schema-graph\">{\"@context\":\"https:\/\/schema.org\",\"@graph\":[{\"@type\":\"WebPage\",\"@id\":\"https:\/\/www.wundervolleben.at\/aktivitaeten\/\",\"url\":\"https:\/\/www.wundervolleben.at\/aktivitaeten\/\",\"name\":\"Aktivit\u00e4ten - WundervollEben\",\"isPartOf\":{\"@id\":\"https:\/\/www.wundervolleben.at\/#website\"},\"primaryImageOfPage\":{\"@id\":\"https:\/\/www.wundervolleben.at\/aktivitaeten\/#primaryimage\"},\"image\":{\"@id\":\"https:\/\/www.wundervolleben.at\/aktivitaeten\/#primaryimage\"},\"thumbnailUrl\":\"https:\/\/www.wundervolleben.at\/wp-content\/uploads\/2024\/05\/chalet-feinis-1000x790.jpg\",\"datePublished\":\"2024-05-23T09:35:16+00:00\",\"dateModified\":\"2025-01-20T08:04:18+00:00\",\"breadcrumb\":{\"@id\":\"https:\/\/www.wundervolleben.at\/aktivitaeten\/#breadcrumb\"},\"inLanguage\":\"en-GB\",\"potentialAction\":[{\"@type\":\"ReadAction\",\"target\":[\"https:\/\/www.wundervolleben.at\/aktivitaeten\/\"]}]},{\"@type\":\"ImageObject\",\"inLanguage\":\"en-GB\",\"@id\":\"https:\/\/www.wundervolleben.at\/aktivitaeten\/#primaryimage\",\"url\":\"https:\/\/www.wundervolleben.at\/wp-content\/uploads\/2024\/05\/chalet-feinis-1000x790.jpg\",\"contentUrl\":\"https:\/\/www.wundervolleben.at\/wp-content\/uploads\/2024\/05\/chalet-feinis-1000x790.jpg\"},{\"@type\":\"BreadcrumbList\",\"@id\":\"https:\/\/www.wundervolleben.at\/aktivitaeten\/#breadcrumb\",\"itemListElement\":[{\"@type\":\"ListItem\",\"position\":1,\"name\":\"Startseite\",\"item\":\"https:\/\/www.wundervolleben.at\/\"},{\"@type\":\"ListItem\",\"position\":2,\"name\":\"Aktivit\u00e4ten\"}]},{\"@type\":\"WebSite\",\"@id\":\"https:\/\/www.wundervolleben.at\/#website\",\"url\":\"https:\/\/www.wundervolleben.at\/\",\"name\":\"WundervollEben\",\"description\":\"\",\"potentialAction\":[{\"@type\":\"SearchAction\",\"target\":{\"@type\":\"EntryPoint\",\"urlTemplate\":\"https:\/\/www.wundervolleben.at\/?s={search_term_string}\"},\"query-input\":{\"@type\":\"PropertyValueSpecification\",\"valueRequired\":true,\"valueName\":\"search_term_string\"}}],\"inLanguage\":\"en-GB\"}]}<\/script>\n<!-- \/ Yoast SEO plugin. -->","yoast_head_json":{"title":"Aktivit\u00e4ten - WundervollEben","robots":{"index":"index","follow":"follow","max-snippet":"max-snippet:-1","max-image-preview":"max-image-preview:large","max-video-preview":"max-video-preview:-1"},"canonical":"https:\/\/www.wundervolleben.at\/en\/aktivitaeten\/","og_locale":"en_GB","og_type":"article","og_title":"Aktivit\u00e4ten - WundervollEben","og_description":"Aktivit\u00e4ten So viel zu sehen und zu erleben! Die M\u00f6glichkeiten f\u00fcr Erlebnisse in der Natur, f\u00fcr Kunst &amp; Kultur und [&hellip;]","og_url":"https:\/\/www.wundervolleben.at\/en\/aktivitaeten\/","og_site_name":"WundervollEben","article_modified_time":"2025-01-20T08:04:18+00:00","og_image":[{"url":"https:\/\/www.wundervolleben.at\/wp-content\/uploads\/2024\/05\/chalet-feinis-1000x790.jpg","type":"","width":"","height":""}],"twitter_card":"summary_large_image","twitter_misc":{"Estimated reading time":"2 minutes"},"schema":{"@context":"https:\/\/schema.org","@graph":[{"@type":"WebPage","@id":"https:\/\/www.wundervolleben.at\/aktivitaeten\/","url":"https:\/\/www.wundervolleben.at\/aktivitaeten\/","name":"Aktivit\u00e4ten - WundervollEben","isPartOf":{"@id":"https:\/\/www.wundervolleben.at\/#website"},"primaryImageOfPage":{"@id":"https:\/\/www.wundervolleben.at\/aktivitaeten\/#primaryimage"},"image":{"@id":"https:\/\/www.wundervolleben.at\/aktivitaeten\/#primaryimage"},"thumbnailUrl":"https:\/\/www.wundervolleben.at\/wp-content\/uploads\/2024\/05\/chalet-feinis-1000x790.jpg","datePublished":"2024-05-23T09:35:16+00:00","dateModified":"2025-01-20T08:04:18+00:00","breadcrumb":{"@id":"https:\/\/www.wundervolleben.at\/aktivitaeten\/#breadcrumb"},"inLanguage":"en-GB","potentialAction":[{"@type":"ReadAction","target":["https:\/\/www.wundervolleben.at\/aktivitaeten\/"]}]},{"@type":"ImageObject","inLanguage":"en-GB","@id":"https:\/\/www.wundervolleben.at\/aktivitaeten\/#primaryimage","url":"https:\/\/www.wundervolleben.at\/wp-content\/uploads\/2024\/05\/chalet-feinis-1000x790.jpg","contentUrl":"https:\/\/www.wundervolleben.at\/wp-content\/uploads\/2024\/05\/chalet-feinis-1000x790.jpg"},{"@type":"BreadcrumbList","@id":"https:\/\/www.wundervolleben.at\/aktivitaeten\/#breadcrumb","itemListElement":[{"@type":"ListItem","position":1,"name":"Startseite","item":"https:\/\/www.wundervolleben.at\/"},{"@type":"ListItem","position":2,"name":"Aktivit\u00e4ten"}]},{"@type":"WebSite","@id":"https:\/\/www.wundervolleben.at\/#website","url":"https:\/\/www.wundervolleben.at\/","name":"WundervollEben","description":"","potentialAction":[{"@type":"SearchAction","target":{"@type":"EntryPoint","urlTemplate":"https:\/\/www.wundervolleben.at\/?s={search_term_string}"},"query-input":{"@type":"PropertyValueSpecification","valueRequired":true,"valueName":"search_term_string"}}],"inLanguage":"en-GB"}]}},"_links":{"self":[{"href":"https:\/\/www.wundervolleben.at\/en\/wp-json\/wp\/v2\/pages\/172","targetHints":{"allow":["GET"]}}],"collection":[{"href":"https:\/\/www.wundervolleben.at\/en\/wp-json\/wp\/v2\/pages"}],"about":[{"href":"https:\/\/www.wundervolleben.at\/en\/wp-json\/wp\/v2\/types\/page"}],"author":[{"embeddable":true,"href":"https:\/\/www.wundervolleben.at\/en\/wp-json\/wp\/v2\/users\/1"}],"replies":[{"embeddable":true,"href":"https:\/\/www.wundervolleben.at\/en\/wp-json\/wp\/v2\/comments?post=172"}],"version-history":[{"count":5,"href":"https:\/\/www.wundervolleben.at\/en\/wp-json\/wp\/v2\/pages\/172\/revisions"}],"predecessor-version":[{"id":732,"href":"https:\/\/www.wundervolleben.at\/en\/wp-json\/wp\/v2\/pages\/172\/revisions\/732"}],"wp:attachment":[{"href":"https:\/\/www.wundervolleben.at\/en\/wp-json\/wp\/v2\/media?parent=172"}],"curies":[{"name":"wp","href":"https:\/\/api.w.org\/{rel}","templated":true}]}}