{"id":178,"date":"2024-05-23T11:36:26","date_gmt":"2024-05-23T09:36:26","guid":{"rendered":"https:\/\/www.wundervolleben.at\/?page_id=178"},"modified":"2024-10-10T15:45:55","modified_gmt":"2024-10-10T13:45:55","slug":"ueber-uns","status":"publish","type":"page","link":"https:\/\/www.wundervolleben.at\/en\/ueber-uns\/","title":{"rendered":"About Us"},"content":{"rendered":"<h1 class=\"wp-block-heading has-text-align-center\">About Us<\/h1>\n\n\n\n<h2 class=\"wp-block-heading has-text-align-center\">Good bye!<\/h2>\n\n\n\n<div class=\"wp-block-group content has-global-padding is-layout-constrained wp-block-group-is-layout-constrained\">\n<p class=\"has-text-align-center\">My name is Markus and I have been running a business as a self-employed person since 2005<br> which operates in the field of multimedia\/software and advertising.<\/p>\n\n\n\n<p class=\"has-text-align-center\">In 2015 I started to build an apartment in my square farm as a chalet (the \u201cNotschkerl\u201d)<br> to give others the opportunity to experience our beautiful area for a<br> to enjoy a little break. <strong>The joy of meeting new people and the<br> To see the enthusiasm of guests<\/strong>, have made me delve further into this<br> \u201cHost matter\u201d. Another chalet (the \u201cFeinis\u201d) was quickly implemented.<\/p>\n\n\n\n<p class=\"has-text-align-center\">Since 2018, with the support of my partner Kristin, I have started <strong>new places and<br> Places full of wonders<\/strong> to find and implement them in such a way that <strong>unique stays for<br> our guests enable<\/strong> \u2013 this is how our extraordinary Chalet Sternenzauber and our<br>exclusive Chalet Weidehaus de luxe.<\/p>\n\n\n\n<p class=\"has-text-align-center\"><strong>A lot of passion, time and effort goes into all our wonderful chalets <\/strong>and we are<br> We are working on creating many more and look forward to your visit \ud83d\ude42<\/p>\n<\/div>\n\n\n\n<figure class=\"wp-block-image alignfull size-full\" data-aos=\"fade\" data-aos-duration=\"1000\"><img loading=\"lazy\" decoding=\"async\" width=\"2048\" height=\"1365\" src=\"https:\/\/www.wundervolleben.at\/wp-content\/uploads\/2024\/07\/markuskowalewski-scaled.jpg\" alt=\"\" class=\"wp-image-657\" srcset=\"https:\/\/www.wundervolleben.at\/wp-content\/uploads\/2024\/07\/markuskowalewski-scaled.jpg 2048w, https:\/\/www.wundervolleben.at\/wp-content\/uploads\/2024\/07\/markuskowalewski-300x200.jpg 300w, https:\/\/www.wundervolleben.at\/wp-content\/uploads\/2024\/07\/markuskowalewski-1024x683.jpg 1024w, https:\/\/www.wundervolleben.at\/wp-content\/uploads\/2024\/07\/markuskowalewski-768x512.jpg 768w, https:\/\/www.wundervolleben.at\/wp-content\/uploads\/2024\/07\/markuskowalewski-1536x1024.jpg 1536w\" sizes=\"auto, (max-width: 2048px) 100vw, 2048px\" \/><\/figure>","protected":false},"excerpt":{"rendered":"<p>About us Hello! My name is Markus, and since 2005 I&#039;ve been running a self-employed business in the multimedia\/software and [...]<\/p>","protected":false},"author":1,"featured_media":0,"parent":0,"menu_order":4,"comment_status":"closed","ping_status":"closed","template":"","meta":{"_acf_changed":false,"footnotes":""},"class_list":["post-178","page","type-page","status-publish","hentry"],"acf":[],"yoast_head":"<!-- This site is optimized with the Yoast SEO plugin v24.7 - https:\/\/yoast.com\/wordpress\/plugins\/seo\/ -->\n<title>\u00dcber uns - WundervollEben<\/title>\n<meta name=\"robots\" content=\"index, follow, max-snippet:-1, max-image-preview:large, max-video-preview:-1\" \/>\n<link rel=\"canonical\" href=\"https:\/\/www.wundervolleben.at\/en\/ueber-uns\/\" \/>\n<meta property=\"og:locale\" content=\"en_GB\" \/>\n<meta property=\"og:type\" content=\"article\" \/>\n<meta property=\"og:title\" content=\"\u00dcber uns - WundervollEben\" \/>\n<meta property=\"og:description\" content=\"\u00dcber uns Servus! Ich bin Markus und betreibe hauptberuflich seit 2005 als Selbstst\u00e4ndiger ein Unternehmen das im Bereich Multimedia\/Software und [&hellip;]\" \/>\n<meta property=\"og:url\" content=\"https:\/\/www.wundervolleben.at\/en\/ueber-uns\/\" \/>\n<meta property=\"og:site_name\" content=\"WundervollEben\" \/>\n<meta property=\"article:modified_time\" content=\"2024-10-10T13:45:55+00:00\" \/>\n<meta property=\"og:image\" content=\"https:\/\/www.wundervolleben.at\/wp-content\/uploads\/2024\/07\/markuskowalewski-scaled.jpg\" \/>\n<meta name=\"twitter:card\" content=\"summary_large_image\" \/>\n<meta name=\"twitter:label1\" content=\"Estimated reading time\" \/>\n\t<meta name=\"twitter:data1\" content=\"2 minutes\" \/>\n<script type=\"application\/ld+json\" class=\"yoast-schema-graph\">{\"@context\":\"https:\/\/schema.org\",\"@graph\":[{\"@type\":\"WebPage\",\"@id\":\"https:\/\/www.wundervolleben.at\/ueber-uns\/\",\"url\":\"https:\/\/www.wundervolleben.at\/ueber-uns\/\",\"name\":\"\u00dcber uns - WundervollEben\",\"isPartOf\":{\"@id\":\"https:\/\/www.wundervolleben.at\/#website\"},\"primaryImageOfPage\":{\"@id\":\"https:\/\/www.wundervolleben.at\/ueber-uns\/#primaryimage\"},\"image\":{\"@id\":\"https:\/\/www.wundervolleben.at\/ueber-uns\/#primaryimage\"},\"thumbnailUrl\":\"https:\/\/www.wundervolleben.at\/wp-content\/uploads\/2024\/07\/markuskowalewski-scaled.jpg\",\"datePublished\":\"2024-05-23T09:36:26+00:00\",\"dateModified\":\"2024-10-10T13:45:55+00:00\",\"breadcrumb\":{\"@id\":\"https:\/\/www.wundervolleben.at\/ueber-uns\/#breadcrumb\"},\"inLanguage\":\"en-GB\",\"potentialAction\":[{\"@type\":\"ReadAction\",\"target\":[\"https:\/\/www.wundervolleben.at\/ueber-uns\/\"]}]},{\"@type\":\"ImageObject\",\"inLanguage\":\"en-GB\",\"@id\":\"https:\/\/www.wundervolleben.at\/ueber-uns\/#primaryimage\",\"url\":\"https:\/\/www.wundervolleben.at\/wp-content\/uploads\/2024\/07\/markuskowalewski-scaled.jpg\",\"contentUrl\":\"https:\/\/www.wundervolleben.at\/wp-content\/uploads\/2024\/07\/markuskowalewski-scaled.jpg\"},{\"@type\":\"BreadcrumbList\",\"@id\":\"https:\/\/www.wundervolleben.at\/ueber-uns\/#breadcrumb\",\"itemListElement\":[{\"@type\":\"ListItem\",\"position\":1,\"name\":\"Startseite\",\"item\":\"https:\/\/www.wundervolleben.at\/\"},{\"@type\":\"ListItem\",\"position\":2,\"name\":\"\u00dcber uns\"}]},{\"@type\":\"WebSite\",\"@id\":\"https:\/\/www.wundervolleben.at\/#website\",\"url\":\"https:\/\/www.wundervolleben.at\/\",\"name\":\"WundervollEben\",\"description\":\"\",\"potentialAction\":[{\"@type\":\"SearchAction\",\"target\":{\"@type\":\"EntryPoint\",\"urlTemplate\":\"https:\/\/www.wundervolleben.at\/?s={search_term_string}\"},\"query-input\":{\"@type\":\"PropertyValueSpecification\",\"valueRequired\":true,\"valueName\":\"search_term_string\"}}],\"inLanguage\":\"en-GB\"}]}<\/script>\n<!-- \/ Yoast SEO plugin. -->","yoast_head_json":{"title":"\u00dcber uns - WundervollEben","robots":{"index":"index","follow":"follow","max-snippet":"max-snippet:-1","max-image-preview":"max-image-preview:large","max-video-preview":"max-video-preview:-1"},"canonical":"https:\/\/www.wundervolleben.at\/en\/ueber-uns\/","og_locale":"en_GB","og_type":"article","og_title":"\u00dcber uns - WundervollEben","og_description":"\u00dcber uns Servus! Ich bin Markus und betreibe hauptberuflich seit 2005 als Selbstst\u00e4ndiger ein Unternehmen das im Bereich Multimedia\/Software und [&hellip;]","og_url":"https:\/\/www.wundervolleben.at\/en\/ueber-uns\/","og_site_name":"WundervollEben","article_modified_time":"2024-10-10T13:45:55+00:00","og_image":[{"url":"https:\/\/www.wundervolleben.at\/wp-content\/uploads\/2024\/07\/markuskowalewski-scaled.jpg","type":"","width":"","height":""}],"twitter_card":"summary_large_image","twitter_misc":{"Estimated reading time":"2 minutes"},"schema":{"@context":"https:\/\/schema.org","@graph":[{"@type":"WebPage","@id":"https:\/\/www.wundervolleben.at\/ueber-uns\/","url":"https:\/\/www.wundervolleben.at\/ueber-uns\/","name":"\u00dcber uns - WundervollEben","isPartOf":{"@id":"https:\/\/www.wundervolleben.at\/#website"},"primaryImageOfPage":{"@id":"https:\/\/www.wundervolleben.at\/ueber-uns\/#primaryimage"},"image":{"@id":"https:\/\/www.wundervolleben.at\/ueber-uns\/#primaryimage"},"thumbnailUrl":"https:\/\/www.wundervolleben.at\/wp-content\/uploads\/2024\/07\/markuskowalewski-scaled.jpg","datePublished":"2024-05-23T09:36:26+00:00","dateModified":"2024-10-10T13:45:55+00:00","breadcrumb":{"@id":"https:\/\/www.wundervolleben.at\/ueber-uns\/#breadcrumb"},"inLanguage":"en-GB","potentialAction":[{"@type":"ReadAction","target":["https:\/\/www.wundervolleben.at\/ueber-uns\/"]}]},{"@type":"ImageObject","inLanguage":"en-GB","@id":"https:\/\/www.wundervolleben.at\/ueber-uns\/#primaryimage","url":"https:\/\/www.wundervolleben.at\/wp-content\/uploads\/2024\/07\/markuskowalewski-scaled.jpg","contentUrl":"https:\/\/www.wundervolleben.at\/wp-content\/uploads\/2024\/07\/markuskowalewski-scaled.jpg"},{"@type":"BreadcrumbList","@id":"https:\/\/www.wundervolleben.at\/ueber-uns\/#breadcrumb","itemListElement":[{"@type":"ListItem","position":1,"name":"Startseite","item":"https:\/\/www.wundervolleben.at\/"},{"@type":"ListItem","position":2,"name":"\u00dcber uns"}]},{"@type":"WebSite","@id":"https:\/\/www.wundervolleben.at\/#website","url":"https:\/\/www.wundervolleben.at\/","name":"WundervollEben","description":"","potentialAction":[{"@type":"SearchAction","target":{"@type":"EntryPoint","urlTemplate":"https:\/\/www.wundervolleben.at\/?s={search_term_string}"},"query-input":{"@type":"PropertyValueSpecification","valueRequired":true,"valueName":"search_term_string"}}],"inLanguage":"en-GB"}]}},"_links":{"self":[{"href":"https:\/\/www.wundervolleben.at\/en\/wp-json\/wp\/v2\/pages\/178","targetHints":{"allow":["GET"]}}],"collection":[{"href":"https:\/\/www.wundervolleben.at\/en\/wp-json\/wp\/v2\/pages"}],"about":[{"href":"https:\/\/www.wundervolleben.at\/en\/wp-json\/wp\/v2\/types\/page"}],"author":[{"embeddable":true,"href":"https:\/\/www.wundervolleben.at\/en\/wp-json\/wp\/v2\/users\/1"}],"replies":[{"embeddable":true,"href":"https:\/\/www.wundervolleben.at\/en\/wp-json\/wp\/v2\/comments?post=178"}],"version-history":[{"count":5,"href":"https:\/\/www.wundervolleben.at\/en\/wp-json\/wp\/v2\/pages\/178\/revisions"}],"predecessor-version":[{"id":715,"href":"https:\/\/www.wundervolleben.at\/en\/wp-json\/wp\/v2\/pages\/178\/revisions\/715"}],"wp:attachment":[{"href":"https:\/\/www.wundervolleben.at\/en\/wp-json\/wp\/v2\/media?parent=178"}],"curies":[{"name":"wp","href":"https:\/\/api.w.org\/{rel}","templated":true}]}}